{"id":4943,"date":"2020-10-18T05:40:53","date_gmt":"2020-10-18T03:40:53","guid":{"rendered":"https:\/\/lesexologue.ca\/?page_id=4943\/"},"modified":"2020-10-18T05:54:28","modified_gmt":"2020-10-18T03:54:28","slug":"media-sexologist-sextherapist","status":"publish","type":"page","link":"https:\/\/lesexologue.ca\/en\/media-sexologist-sextherapist\/","title":{"rendered":"Media Interviews"},"content":{"rendered":"<div class=\"wpb-content-wrapper\"><p>[vc_row][vc_column][vc_column_text]<\/p>\n<p style=\"text-align: center;\">If you are a journalist or media researcher and you are looking for an interview with a sextherapist, psychotherapist, you can <a href=\"https:\/\/sexcoupletherapy.com\/contact\/\">contact<\/a> us by email or phone.<\/p>\n<div style=\"text-align: center;\"><\/div>\n<div style=\"text-align: center;\"><\/div>\n<h2 style=\"text-align: center;\">Appearances in the media<\/h2>\n<div style=\"text-align: center;\">\n<hr \/>\n<h3>Interviews at Radio-Canada (in French):<\/h3>\n<hr \/>\n<p><a href=\"https:\/\/ici.radio-canada.ca\/premiere\/emissions\/penelope\/episodes\/456568\/rattrapage-du-mardi-3-mars-2020\" target=\"_blank\" rel=\"noopener noreferrer\">3 mars 2020: Diff\u00e9rence de d\u00e9sir sexuel<\/a><br \/>\n<a href=\"https:\/\/ici.radio-canada.ca\/premiere\/emissions\/penelope\/episodes\/458331\/rattrapage-du-mardi-17-mars-2020\" target=\"_blank\" rel=\"noopener noreferrer\">17 mars 2020: Polyamoureux-phobie: prochain enjeu social<\/a><\/p>\n<p><a href=\"https:\/\/ici.radio-canada.ca\/premiere\/emissions\/penelope\/episodes\/459411\/rattrapage-du-mardi-31-mars-2020?fbclid=IwAR2V3PjNDxZWssdpwIA0xSkd6QLGlWmWKThJvKP1-oFkSOy_TyqEpKpYNtI\">31 mars: Oser parler de masturbation aux enfants de 4 \u00e0 10 ans<\/a><\/p>\n<hr \/>\n<p><a href=\"https:\/\/ici.radio-canada.ca\/premiere\/emissions\/penelope\/episodes\/454159\/rattrapage-du-mardi-4-fevrier-2020\" target=\"_blank\" rel=\"noopener noreferrer\">4 f\u00e9vrier 2020: Tabou dans le bureau d\u2019un sexologue<\/a><br \/>\n<a href=\"https:\/\/ici.radio-canada.ca\/premiere\/emissions\/penelope\/segments\/chronique\/154582\/orgasme-sexualite-plaisir-couple\" target=\"_blank\" rel=\"noopener noreferrer\">11 f\u00e9vrier 2020: L\u2019orgasme: Est-ce vraiment si utile pour la satisfaction<\/a><br \/>\n<a href=\"https:\/\/ici.radio-canada.ca\/premiere\/emissions\/penelope\/episodes\/455315\/rattrapage-du-mardi-18-fevrier-2020\" target=\"_blank\" rel=\"noopener noreferrer\">18 f\u00e9vrier 2020: S\u00e9duction, \u00eatre soi-m\u00eame<\/a><br \/>\n<a href=\"https:\/\/ici.radio-canada.ca\/premiere\/emissions\/penelope\/episodes\/455901\/rattrapage-du-mardi-25-fevrier-2020\">25 f\u00e9vrier 2020: Nice guy vs. Bad boy<\/a><\/p>\n<hr \/>\n<p><a href=\"https:\/\/ici.radio-canada.ca\/premiere\/emissions\/penelope\/segments\/chronique\/150252\/couple-communication-difficultes-solutions\" target=\"_blank\" rel=\"noopener noreferrer\">9 janvier 2020: Probl\u00e8me de communication, un faux probl\u00e8me dans les couples<\/a><br \/>\n<a href=\"https:\/\/ici.radio-canada.ca\/premiere\/emissions\/penelope\/segments\/chronique\/151030\/dispute-couple-conflit-solutions\" target=\"_blank\" rel=\"noopener noreferrer\">14 janvier 2020: Comment bien g\u00e9rer un conflit de couple<\/a><br \/>\n<a href=\"https:\/\/ici.radio-canada.ca\/premiere\/emissions\/penelope\/segments\/chronique\/151837\/sex-education-netflix-saison-2\" target=\"_blank\" rel=\"noopener noreferrer\">21 janvier 2020: Je suis plus mature de mon partenaire<\/a><br \/>\n<a href=\"https:\/\/ici.radio-canada.ca\/premiere\/emissions\/penelope\/segments\/chronique\/152823\/relations-couple-amour-monogame-attentes\" target=\"_blank\" rel=\"noopener noreferrer\">28 janvier 2020: Diff\u00e9rences culturelles et sexualit\u00e9 dans le couple<\/a><\/p>\n<p>&nbsp;<\/p>\n<p>&nbsp;<\/p>\n<p><a href=\"https:\/\/lesexologue.ca\/wp-content\/uploads\/2019\/11\/thumb_74270248_146909353349494_2440093821346775040_o_1024-min.jpg\"><img loading=\"lazy\" decoding=\"async\" class=\"alignnone size-medium wp-image-3100\" src=\"https:\/\/lesexologue.ca\/wp-content\/uploads\/2019\/11\/thumb_74270248_146909353349494_2440093821346775040_o_1024-min-259x300.jpg\" sizes=\"auto, (max-width: 259px) 100vw, 259px\" srcset=\"https:\/\/lesexologue.ca\/wp-content\/uploads\/2019\/11\/thumb_74270248_146909353349494_2440093821346775040_o_1024-min-259x300.jpg 259w, https:\/\/lesexologue.ca\/wp-content\/uploads\/2019\/11\/thumb_74270248_146909353349494_2440093821346775040_o_1024-min-768x891.jpg 768w, https:\/\/lesexologue.ca\/wp-content\/uploads\/2019\/11\/thumb_74270248_146909353349494_2440093821346775040_o_1024-min.jpg 883w\" alt=\"sexologue radio\" width=\"259\" height=\"300\" \/><\/a><\/p>\n<hr \/>\n<p><a href=\"https:\/\/ici.radio-canada.ca\/premiere\/emissions\/penelope\/episodes\/450350\/rattrapage-du-jeudi-12-decembre-2019\" target=\"_blank\" rel=\"noopener noreferrer\">12 d\u00e9cembre 2019: Dis-moi comment tu as \u00e9t\u00e9 aim\u00e9 et je te dirai comment tu fais l\u2019amour!<\/a><\/p>\n<p><a href=\"https:\/\/ici.radio-canada.ca\/premiere\/emissions\/penelope\/episodes\/449802\/rattrapage-du-jeudi-5-decembre-2019\" target=\"_blank\" rel=\"noopener noreferrer\">5 d\u00e9cembre 2019: Connexion sexuelle: le rem\u00e8de \u00e0 la performance sexuelle<\/a><\/p>\n<hr \/>\n<p><a href=\"https:\/\/ici.radio-canada.ca\/premiere\/emissions\/penelope\/episodes\/449246\/rattrapage-du-jeudi-28-novembre-2019\" target=\"_blank\" rel=\"noopener noreferrer\">28 novembre 2019: La satisfaction sexuelle passe par le sentiment d\u2019incomp\u00e9tence sexuelle<\/a>!<\/p>\n<p><a href=\"https:\/\/ici.radio-canada.ca\/premiere\/emissions\/penelope\/episodes\/448664\/rattrapage-du-jeudi-21-novembre-2019\" target=\"_blank\" rel=\"noopener noreferrer\">21 novembre Doit-on parler de nos fantasmes?<\/a><\/p>\n<p><a href=\"https:\/\/ici.radio-canada.ca\/premiere\/emissions\/penelope\/episodes\/448113\/rattrapage-du-jeudi-14-novembre-2019\">14 novembre 2019: Self-partnership &amp; nommer ses insatisfactions sexuelles \u00e0 son\/sa partenaire<\/a><\/p>\n<p><a href=\"https:\/\/ici.radio-canada.ca\/premiere\/emissions\/penelope\/episodes\/446955\/audio-fil-du-jeudi-31-octobre-2019\">31 october 2019: Utiliser des costumes d\u2019Halloween sexy &amp; DipSea<\/a><\/p>\n<hr \/>\n<h3><a href=\"https:\/\/lesexologue.ca\/wp-content\/uploads\/2019\/11\/sexologue-radio-canada.jpg\"><img loading=\"lazy\" decoding=\"async\" class=\"alignnone size-medium wp-image-3096\" src=\"https:\/\/lesexologue.ca\/wp-content\/uploads\/2019\/11\/sexologue-radio-canada-300x169.jpg\" sizes=\"auto, (max-width: 300px) 100vw, 300px\" srcset=\"https:\/\/lesexologue.ca\/wp-content\/uploads\/2019\/11\/sexologue-radio-canada-300x169.jpg 300w, https:\/\/lesexologue.ca\/wp-content\/uploads\/2019\/11\/sexologue-radio-canada-768x434.jpg 768w, https:\/\/lesexologue.ca\/wp-content\/uploads\/2019\/11\/sexologue-radio-canada.jpg 799w\" alt=\"sexologue media\" width=\"300\" height=\"169\" \/><\/a><\/h3>\n<\/div>\n<p style=\"text-align: center;\"><a href=\"https:\/\/ici.radio-canada.ca\/premiere\/emissions\/medium-large\/segments\/panel\/97836\/survie-couple-ouverture-couples-ouverts-polyamour-galipeau-renaud\">Ouverture du couple<\/a><\/p>\n<p style=\"text-align: center;\"><a href=\"http:\/\/ici.radio-canada.ca\/premiere\/emissions\/medium-large\/segments\/entrevue\/58465\/plaisir-sexuel-feminin-regard-incomplet-bertrand-huot-renaud\">Plaisir f\u00e9minin: un portrait incomplet<\/a><\/p>\n<div style=\"text-align: center;\">\n<div><a href=\"https:\/\/3.bp.blogspot.com\/-hYkjH8shJbc\/VyOntOE2fBI\/AAAAAAAAA2s\/UaFr9a_mxRo-TUuuQ7TPGmiWToc3FBAzgCLcB\/s1600\/radiocanada.jpg\"><img loading=\"lazy\" decoding=\"async\" src=\"https:\/\/3.bp.blogspot.com\/-hYkjH8shJbc\/VyOntOE2fBI\/AAAAAAAAA2s\/UaFr9a_mxRo-TUuuQ7TPGmiWToc3FBAzgCLcB\/s320\/radiocanada.jpg\" width=\"320\" height=\"179\" border=\"0\" \/><\/a><\/div>\n<p>Pornographie: Effets mal mesur\u00e9s, population mal \u00e9duqu\u00e9e<\/p>\n<p>\u00c9ducation sexuelle \u00e0 l\u2019\u00e9cole: \u00catre pertinent sans choquer les parents<\/p>\n<p>Tout sur le p\u00e9nis\u2026la taille normale du p\u00e9nis enfin connue<\/p>\n<\/div>\n<hr \/>\n<h3 style=\"text-align: center;\">FOCUS TV LAVAL<\/h3>\n<p style=\"text-align: center;\"><a href=\"https:\/\/www.youtube.com\/watch?v=Cm_t4Yx_7Qg&amp;fbclid=IwAR1cHoYvD97nrLcReXGlVIuiMRR5AQpIHWwXM6AiyQNw5fLS1GLxrL8iF6s\">Sexual issues with V\u00e9ronique Jodoin &amp; Francois Renaud<\/a><\/p>\n<div style=\"text-align: center;\">\n<div>\n<p><a href=\"https:\/\/lesexologue.ca\/wp-content\/uploads\/2019\/11\/thumb_69720775_426655444621119_2565769138567905280_n_1024-min.jpg\"><img loading=\"lazy\" decoding=\"async\" class=\"alignnone size-medium wp-image-3099 aligncenter\" src=\"https:\/\/lesexologue.ca\/wp-content\/uploads\/2019\/11\/thumb_69720775_426655444621119_2565769138567905280_n_1024-min-300x146.jpg\" sizes=\"auto, (max-width: 300px) 100vw, 300px\" srcset=\"https:\/\/lesexologue.ca\/wp-content\/uploads\/2019\/11\/thumb_69720775_426655444621119_2565769138567905280_n_1024-min-300x146.jpg 300w, https:\/\/lesexologue.ca\/wp-content\/uploads\/2019\/11\/thumb_69720775_426655444621119_2565769138567905280_n_1024-min-768x373.jpg 768w, https:\/\/lesexologue.ca\/wp-content\/uploads\/2019\/11\/thumb_69720775_426655444621119_2565769138567905280_n_1024-min-1024x498.jpg 1024w, https:\/\/lesexologue.ca\/wp-content\/uploads\/2019\/11\/thumb_69720775_426655444621119_2565769138567905280_n_1024-min.jpg 1272w\" alt=\"sexologue tv\" width=\"300\" height=\"146\" \/><\/a><\/p>\n<hr \/>\n<\/div>\n<h3><\/h3>\n<h3><a href=\"http:\/\/cibl1015.com\/\" target=\"_blank\" rel=\"noopener noreferrer\">Tranquillement pas vite<\/a><\/h3>\n<\/div>\n<div style=\"text-align: center;\">\n<p><a href=\"https:\/\/www.youtube.com\/watch?v=0SvzZ4Tcqg8\">Votre couple est-il fusionnel?<\/a><\/p>\n<p><a href=\"https:\/\/www.youtube.com\/watch?v=GL_LETSY-ro\">L\u2019infid\u00e9lit\u00e9\u2026pas toujours simple<\/a><\/p>\n<p><a href=\"https:\/\/www.youtube.com\/watch?v=FU5V_t5KOBk\">Pornographie f\u00e9ministe\u2026pas juste pour les femmes<\/a><\/p>\n<p><a href=\"https:\/\/www.youtube.com\/watch?v=1oVIPrqrEws&amp;t=2s\">\u00c9ducation sexuelle par les parents<\/a><\/p>\n<p><a href=\"https:\/\/www.youtube.com\/watch?v=Nsh6sKr401Y\">Laisser pour une personne du m\u00eame sexe<\/a><\/p>\n<\/div>\n<div style=\"text-align: center;\">\n<div>\n<hr \/>\n<\/div>\n<h3>Article de La Presse +: Magazine XY<\/h3>\n<div>\n<hr \/>\n<\/div>\n<h3><a href=\"http:\/\/plus.lapresse.ca\/screens\/178940b9-70d5-4da4-98e9-586b7e2ef432%7C_0.html\" target=\"_blank\" rel=\"noopener noreferrer\">Sexual desire 2.0<\/a><\/h3>\n<p>&nbsp;<\/p>\n<div><\/div>\n<div><a href=\"https:\/\/1.bp.blogspot.com\/-F_cVg6wPZys\/VvGI6JR1eTI\/AAAAAAAAA0w\/4pU4KUhpUG8dtL76IbpPFD4sdo2cDCRRg\/s1600\/Screen%2BShot%2B2016-03-22%2Bat%2B2.02.35%2BPM.png\"><img loading=\"lazy\" decoding=\"async\" src=\"https:\/\/1.bp.blogspot.com\/-F_cVg6wPZys\/VvGI6JR1eTI\/AAAAAAAAA0w\/4pU4KUhpUG8dtL76IbpPFD4sdo2cDCRRg\/s320\/Screen%2BShot%2B2016-03-22%2Bat%2B2.02.35%2BPM.png\" width=\"320\" height=\"240\" border=\"0\" \/><\/a><\/div>\n<hr \/>\n<\/div>\n<h3 style=\"text-align: center;\">\u00c9mission de radio: Le sexe a ses raisons<\/h3>\n<div style=\"text-align: center;\">Sexual fluidity in sexual orientation in women<\/div>\n<div style=\"text-align: center;\">Intimacy &amp; desire<\/div>\n<div style=\"text-align: center;\">Sexual presence anxiety vs sexual performance anxiety<\/div>\n<div style=\"text-align: center;\">Types of sexual desires<\/div>\n<div style=\"text-align: center;\"><\/div>\n<div style=\"text-align: center;\"><\/div>\n<div style=\"text-align: center;\"><a href=\"http:\/\/3.bp.blogspot.com\/-Sjoq13bEURQ\/VU94rhQ_MAI\/AAAAAAAAAp4\/c9F_D9kclbM\/s1600\/sexe%2Braison.jpeg\"><img loading=\"lazy\" decoding=\"async\" src=\"https:\/\/3.bp.blogspot.com\/-Sjoq13bEURQ\/VU94rhQ_MAI\/AAAAAAAAAp4\/c9F_D9kclbM\/s320\/sexe%2Braison.jpeg\" width=\"320\" height=\"213\" border=\"0\" \/><\/a><\/div>\n<div style=\"text-align: center;\"><\/div>\n<div style=\"text-align: center;\">\n<hr \/>\n<\/div>\n<h3 style=\"text-align: center;\">Capsule expert: 30 Vies<\/h3>\n<div style=\"text-align: center;\"><\/div>\n<div style=\"text-align: center;\"><a href=\"http:\/\/30vies.radio-canada.ca\/centre-aide\/capsule-expert\/56\">Don juan syndrome<\/a><\/div>\n<div style=\"text-align: center;\"><\/div>\n<div style=\"text-align: center;\"><\/div>\n<div style=\"text-align: center;\"><a href=\"http:\/\/2.bp.blogspot.com\/-9MmsZMAjqR0\/VU93-aGHJFI\/AAAAAAAAApg\/fqqRBPGZ9to\/s1600\/30%2Bvies.jpeg\"><img loading=\"lazy\" decoding=\"async\" src=\"https:\/\/2.bp.blogspot.com\/-9MmsZMAjqR0\/VU93-aGHJFI\/AAAAAAAAApg\/fqqRBPGZ9to\/s320\/30%2Bvies.jpeg\" width=\"320\" height=\"152\" border=\"0\" \/><\/a><\/div>\n<div style=\"text-align: center;\">\n<hr \/>\n<\/div>\n<h3 style=\"text-align: center;\">CTV News Montreal<\/h3>\n<div style=\"text-align: center;\"><\/div>\n<div style=\"text-align: center;\">Use of porn in men and the impacts on sexuality<\/div>\n<div style=\"text-align: center;\">\n<ul>\n<li style=\"text-align: left;\"><a href=\"http:\/\/montreal.ctvnews.ca\/video?clipId=572120&amp;binId=1.1332485&amp;playlistPageNum=1\">Part I<\/a>\u00a02015<\/li>\n<li style=\"text-align: left;\"><a href=\"http:\/\/montreal.ctvnews.ca\/video?clipId=572220&amp;binId=1.1332485&amp;playlistPageNum=1\">Part II<\/a><\/li>\n<\/ul>\n<\/div>\n<div style=\"text-align: center;\"><\/div>\n<div style=\"text-align: center;\"><a href=\"http:\/\/4.bp.blogspot.com\/-4WuC_G2bBDo\/VU94GBXS6II\/AAAAAAAAApo\/yEIyaOBM2BY\/s1600\/CTV.jpg\"><img loading=\"lazy\" decoding=\"async\" src=\"https:\/\/4.bp.blogspot.com\/-4WuC_G2bBDo\/VU94GBXS6II\/AAAAAAAAApo\/yEIyaOBM2BY\/s320\/CTV.jpg\" width=\"320\" height=\"180\" border=\"0\" \/><\/a><\/div>\n<div style=\"text-align: center;\"><\/div>\n<div style=\"text-align: center;\">\n<hr \/>\n<\/div>\n<h3 style=\"text-align: center;\">Magazine Gabrielle<\/h3>\n<div style=\"text-align: center;\">\n<hr \/>\n<p><strong>Sexuality as parents<\/strong><\/p>\n<\/div>\n<div><\/div>\n<div style=\"text-align: center;\"><a href=\"http:\/\/2.bp.blogspot.com\/-_cmsRkUjEBA\/VU94LZSuXWI\/AAAAAAAAApw\/Hzfi7P9KWig\/s1600\/gabrielle.jpeg\"><img loading=\"lazy\" decoding=\"async\" src=\"https:\/\/2.bp.blogspot.com\/-_cmsRkUjEBA\/VU94LZSuXWI\/AAAAAAAAApw\/Hzfi7P9KWig\/s320\/gabrielle.jpeg\" width=\"215\" height=\"320\" border=\"0\" \/><\/a><\/div>\n<div style=\"text-align: center;\"><\/div>\n<div style=\"text-align: center;\">\n<hr \/>\n<\/div>\n<div style=\"text-align: center;\"><strong>Low sexual desire after pregnancy<\/strong><\/div>\n<div style=\"text-align: center;\"><\/div>\n<div style=\"text-align: center;\"><\/div>\n<div><a href=\"https:\/\/4.bp.blogspot.com\/--iIvmP084CQ\/WC5CPFlMUnI\/AAAAAAAABCo\/Q947ZqykXv0xBQ6us4u_k7rTtDtIA0JPQCLcB\/s1600\/gabrielle%2Bmagazine.jpg\"><img loading=\"lazy\" decoding=\"async\" class=\"aligncenter\" src=\"https:\/\/4.bp.blogspot.com\/--iIvmP084CQ\/WC5CPFlMUnI\/AAAAAAAABCo\/Q947ZqykXv0xBQ6us4u_k7rTtDtIA0JPQCLcB\/s320\/gabrielle%2Bmagazine.jpg\" width=\"249\" height=\"320\" border=\"0\" \/><\/a><\/div>\n<p>[\/vc_column_text][\/vc_column][\/vc_row]<\/p>\n<\/div>","protected":false},"excerpt":{"rendered":"<p>[vc_row][vc_column][vc_column_text] If you are a journalist or media researcher and you are looking for an interview with a sextherapist, psychotherapist, you can contact us by email or phone. Appearances in the media Interviews at Radio-Canada (in French): 3 mars 2020: Diff\u00e9rence de d\u00e9sir sexuel 17 mars 2020: Polyamoureux-phobie: prochain enjeu social 31 mars: Oser parler de masturbation aux enfants de<\/p>\n","protected":false},"author":2,"featured_media":0,"parent":0,"menu_order":0,"comment_status":"closed","ping_status":"closed","template":"","meta":{"footnotes":""},"class_list":["post-4943","page","type-page","status-publish","hentry","no-featured"],"yoast_head":"<!-- This site is optimized with the Yoast SEO plugin v27.2 - https:\/\/yoast.com\/product\/yoast-seo-wordpress\/ -->\n<title>Media Interviews &#8211; sexcoupletherapy.com<\/title>\n<meta name=\"robots\" content=\"index, follow, max-snippet:-1, max-image-preview:large, max-video-preview:-1\" \/>\n<link rel=\"canonical\" href=\"https:\/\/lesexologue.ca\/en\/media-sexologist-sextherapist\/\" \/>\n<meta property=\"og:locale\" content=\"en_US\" \/>\n<meta property=\"og:type\" content=\"article\" \/>\n<meta property=\"og:title\" content=\"Media Interviews &#8211; sexcoupletherapy.com\" \/>\n<meta property=\"og:description\" content=\"[vc_row][vc_column][vc_column_text] If you are a journalist or media researcher and you are looking for an interview with a sextherapist, psychotherapist, you can contact us by email or phone. Appearances in the media Interviews at Radio-Canada (in French): 3 mars 2020: Diff\u00e9rence de d\u00e9sir sexuel 17 mars 2020: Polyamoureux-phobie: prochain enjeu social 31 mars: Oser parler de masturbation aux enfants de\" \/>\n<meta property=\"og:url\" content=\"https:\/\/lesexologue.ca\/en\/media-sexologist-sextherapist\/\" \/>\n<meta property=\"og:site_name\" content=\"sexcoupletherapy.com\" \/>\n<meta property=\"article:publisher\" content=\"https:\/\/www.facebook.com\/couplesextherapy\" \/>\n<meta property=\"article:modified_time\" content=\"2020-10-18T03:54:28+00:00\" \/>\n<meta property=\"og:image\" content=\"https:\/\/lesexologue.ca\/wp-content\/uploads\/2019\/11\/thumb_74270248_146909353349494_2440093821346775040_o_1024-min-259x300.jpg\" \/>\n<meta name=\"twitter:card\" content=\"summary_large_image\" \/>\n<meta name=\"twitter:site\" content=\"@lessexologues\" \/>\n<meta name=\"twitter:label1\" content=\"Est. reading time\" \/>\n\t<meta name=\"twitter:data1\" content=\"2 minutes\" \/>\n<script type=\"application\/ld+json\" class=\"yoast-schema-graph\">{\"@context\":\"https:\/\/schema.org\",\"@graph\":[{\"@type\":\"WebPage\",\"@id\":\"https:\/\/lesexologue.ca\/en\/media-sexologist-sextherapist\/\",\"url\":\"https:\/\/lesexologue.ca\/en\/media-sexologist-sextherapist\/\",\"name\":\"Media Interviews &#8211; sexcoupletherapy.com\",\"isPartOf\":{\"@id\":\"https:\/\/lesexologue.ca\/#website\"},\"primaryImageOfPage\":{\"@id\":\"https:\/\/lesexologue.ca\/en\/media-sexologist-sextherapist\/#primaryimage\"},\"image\":{\"@id\":\"https:\/\/lesexologue.ca\/en\/media-sexologist-sextherapist\/#primaryimage\"},\"thumbnailUrl\":\"https:\/\/lesexologue.ca\/wp-content\/uploads\/2019\/11\/thumb_74270248_146909353349494_2440093821346775040_o_1024-min-259x300.jpg\",\"datePublished\":\"2020-10-18T03:40:53+00:00\",\"dateModified\":\"2020-10-18T03:54:28+00:00\",\"breadcrumb\":{\"@id\":\"https:\/\/lesexologue.ca\/en\/media-sexologist-sextherapist\/#breadcrumb\"},\"inLanguage\":\"en-CA\",\"potentialAction\":[{\"@type\":\"ReadAction\",\"target\":[\"https:\/\/lesexologue.ca\/en\/media-sexologist-sextherapist\/\"]}]},{\"@type\":\"ImageObject\",\"inLanguage\":\"en-CA\",\"@id\":\"https:\/\/lesexologue.ca\/en\/media-sexologist-sextherapist\/#primaryimage\",\"url\":\"https:\/\/lesexologue.ca\/wp-content\/uploads\/2019\/11\/thumb_74270248_146909353349494_2440093821346775040_o_1024-min-259x300.jpg\",\"contentUrl\":\"https:\/\/lesexologue.ca\/wp-content\/uploads\/2019\/11\/thumb_74270248_146909353349494_2440093821346775040_o_1024-min-259x300.jpg\"},{\"@type\":\"BreadcrumbList\",\"@id\":\"https:\/\/lesexologue.ca\/en\/media-sexologist-sextherapist\/#breadcrumb\",\"itemListElement\":[{\"@type\":\"ListItem\",\"position\":1,\"name\":\"Accueil\",\"item\":\"https:\/\/lesexologue.ca\/en\/\"},{\"@type\":\"ListItem\",\"position\":2,\"name\":\"Media Interviews\"}]},{\"@type\":\"WebSite\",\"@id\":\"https:\/\/lesexologue.ca\/#website\",\"url\":\"https:\/\/lesexologue.ca\/\",\"name\":\"sexcoupletherapy.com\",\"description\":\"Le sexologue.ca\",\"potentialAction\":[{\"@type\":\"SearchAction\",\"target\":{\"@type\":\"EntryPoint\",\"urlTemplate\":\"https:\/\/lesexologue.ca\/?s={search_term_string}\"},\"query-input\":{\"@type\":\"PropertyValueSpecification\",\"valueRequired\":true,\"valueName\":\"search_term_string\"}}],\"inLanguage\":\"en-CA\"}]}<\/script>\n<!-- \/ Yoast SEO plugin. -->","yoast_head_json":{"title":"Media Interviews &#8211; sexcoupletherapy.com","robots":{"index":"index","follow":"follow","max-snippet":"max-snippet:-1","max-image-preview":"max-image-preview:large","max-video-preview":"max-video-preview:-1"},"canonical":"https:\/\/lesexologue.ca\/en\/media-sexologist-sextherapist\/","og_locale":"en_US","og_type":"article","og_title":"Media Interviews &#8211; sexcoupletherapy.com","og_description":"[vc_row][vc_column][vc_column_text] If you are a journalist or media researcher and you are looking for an interview with a sextherapist, psychotherapist, you can contact us by email or phone. Appearances in the media Interviews at Radio-Canada (in French): 3 mars 2020: Diff\u00e9rence de d\u00e9sir sexuel 17 mars 2020: Polyamoureux-phobie: prochain enjeu social 31 mars: Oser parler de masturbation aux enfants de","og_url":"https:\/\/lesexologue.ca\/en\/media-sexologist-sextherapist\/","og_site_name":"sexcoupletherapy.com","article_publisher":"https:\/\/www.facebook.com\/couplesextherapy","article_modified_time":"2020-10-18T03:54:28+00:00","og_image":[{"url":"https:\/\/lesexologue.ca\/wp-content\/uploads\/2019\/11\/thumb_74270248_146909353349494_2440093821346775040_o_1024-min-259x300.jpg","type":"","width":"","height":""}],"twitter_card":"summary_large_image","twitter_site":"@lessexologues","twitter_misc":{"Est. reading time":"2 minutes"},"schema":{"@context":"https:\/\/schema.org","@graph":[{"@type":"WebPage","@id":"https:\/\/lesexologue.ca\/en\/media-sexologist-sextherapist\/","url":"https:\/\/lesexologue.ca\/en\/media-sexologist-sextherapist\/","name":"Media Interviews &#8211; sexcoupletherapy.com","isPartOf":{"@id":"https:\/\/lesexologue.ca\/#website"},"primaryImageOfPage":{"@id":"https:\/\/lesexologue.ca\/en\/media-sexologist-sextherapist\/#primaryimage"},"image":{"@id":"https:\/\/lesexologue.ca\/en\/media-sexologist-sextherapist\/#primaryimage"},"thumbnailUrl":"https:\/\/lesexologue.ca\/wp-content\/uploads\/2019\/11\/thumb_74270248_146909353349494_2440093821346775040_o_1024-min-259x300.jpg","datePublished":"2020-10-18T03:40:53+00:00","dateModified":"2020-10-18T03:54:28+00:00","breadcrumb":{"@id":"https:\/\/lesexologue.ca\/en\/media-sexologist-sextherapist\/#breadcrumb"},"inLanguage":"en-CA","potentialAction":[{"@type":"ReadAction","target":["https:\/\/lesexologue.ca\/en\/media-sexologist-sextherapist\/"]}]},{"@type":"ImageObject","inLanguage":"en-CA","@id":"https:\/\/lesexologue.ca\/en\/media-sexologist-sextherapist\/#primaryimage","url":"https:\/\/lesexologue.ca\/wp-content\/uploads\/2019\/11\/thumb_74270248_146909353349494_2440093821346775040_o_1024-min-259x300.jpg","contentUrl":"https:\/\/lesexologue.ca\/wp-content\/uploads\/2019\/11\/thumb_74270248_146909353349494_2440093821346775040_o_1024-min-259x300.jpg"},{"@type":"BreadcrumbList","@id":"https:\/\/lesexologue.ca\/en\/media-sexologist-sextherapist\/#breadcrumb","itemListElement":[{"@type":"ListItem","position":1,"name":"Accueil","item":"https:\/\/lesexologue.ca\/en\/"},{"@type":"ListItem","position":2,"name":"Media Interviews"}]},{"@type":"WebSite","@id":"https:\/\/lesexologue.ca\/#website","url":"https:\/\/lesexologue.ca\/","name":"sexcoupletherapy.com","description":"Le sexologue.ca","potentialAction":[{"@type":"SearchAction","target":{"@type":"EntryPoint","urlTemplate":"https:\/\/lesexologue.ca\/?s={search_term_string}"},"query-input":{"@type":"PropertyValueSpecification","valueRequired":true,"valueName":"search_term_string"}}],"inLanguage":"en-CA"}]}},"_links":{"self":[{"href":"https:\/\/lesexologue.ca\/en\/wp-json\/wp\/v2\/pages\/4943","targetHints":{"allow":["GET"]}}],"collection":[{"href":"https:\/\/lesexologue.ca\/en\/wp-json\/wp\/v2\/pages"}],"about":[{"href":"https:\/\/lesexologue.ca\/en\/wp-json\/wp\/v2\/types\/page"}],"author":[{"embeddable":true,"href":"https:\/\/lesexologue.ca\/en\/wp-json\/wp\/v2\/users\/2"}],"replies":[{"embeddable":true,"href":"https:\/\/lesexologue.ca\/en\/wp-json\/wp\/v2\/comments?post=4943"}],"version-history":[{"count":0,"href":"https:\/\/lesexologue.ca\/en\/wp-json\/wp\/v2\/pages\/4943\/revisions"}],"wp:attachment":[{"href":"https:\/\/lesexologue.ca\/en\/wp-json\/wp\/v2\/media?parent=4943"}],"curies":[{"name":"wp","href":"https:\/\/api.w.org\/{rel}","templated":true}]}}