{"id":2940,"date":"2019-07-01T19:55:47","date_gmt":"2019-07-01T17:55:47","guid":{"rendered":"https:\/\/lesexologue.ca\/about\/professional-workshop-continuing-education\/"},"modified":"2021-12-18T12:03:26","modified_gmt":"2021-12-18T17:03:26","slug":"professional-workshop-continuing-education","status":"publish","type":"page","link":"https:\/\/lesexologue.ca\/en\/about\/professional-workshop-continuing-education\/","title":{"rendered":"Professional Workshops &#038; Continuing Education Training"},"content":{"rendered":"<div class=\"wpb-content-wrapper\"><p>[vc_row][vc_column width=&#8221;1\/6&#8243;][\/vc_column][vc_column width=&#8221;2\/3&#8243;][vc_column_text]<\/p>\n<h3 style=\"background-color: white; color: #6da7e5; font-family: Verdana, Geneva, sans-serif; font-size: 22px; margin: 0px; text-align: center;\"><\/h3>\n<div style=\"background-color: white; color: #575757; font-family: Verdana, Geneva, sans-serif; font-size: 17px; line-height: 24.2667px; width: 940px; text-align: center;\">\n<p style=\"margin: 0px; text-align: center;\">Continuing education is a requirement by the &#8220;Ordre Professionnel des Sexologues du Qu\u00e9bec&#8221; (OPQS) and of the &#8220;Ordre des Psychologues du Qu\u00e9bec&#8221; (OPQ) to maintain a permit for a sexologist and psychotherapist.<\/p>\n<p style=\"text-align: center;\">These hours serve to perfect our competencies and develop our specialties. You can consult our <a href=\"\/?page_id=2516\">sex therapist page<\/a> to know what each of our interest are and specialize in the field of sexology &amp; psychotherapy.<\/p>\n<h3 style=\"margin: 0px;\"><\/h3>\n<\/div>\n<div style=\"background-color: white; color: #575757; font-family: Verdana, Geneva, sans-serif; font-size: 17px; line-height: 24.2666683197022px; width: 940px;\">\n<p style=\"text-align: center;\">\n<\/div>\n<p>[\/vc_column_text][\/vc_column][vc_column width=&#8221;1\/6&#8243;][\/vc_column][\/vc_row][vc_row][vc_column]<ul  class=\"noo-block-grid two-col\" ><li  class=\"noo-block-grid-item\" ><\/p>\n<h3>Professional Workshops offered to colleagues<\/h3>\n<ul>\n<li><strong>Sexual desire &amp; Mind-Mapping<\/strong><\/li>\n<li><strong>Maintenir le d\u00e9sir sexuel dans une relation \u00e0 long terme<\/strong><\/li>\n<li><strong>Group supervision: Sexual Crucible<\/strong><\/li>\n<li><strong>Marketing &amp; Psychotherapy: Therapeutic, legal &amp; ethical dilemmas<\/strong>\n<ul>\n<li>By: Fran\u00e7ois Renaud M.A.<\/li>\n<li>Profession: sexologist psychotherapist<\/li>\n<li>Date: 2016-<\/li>\n<li>Lenght: 29 hours<\/li>\n<\/ul>\n<\/li>\n<\/ul>\n<p><\/li><li  class=\"noo-block-grid-item\" ><\/p>\n<h3 style=\"margin: 0px;\">Workshop on Relational Life Therapy (PESI)<\/h3>\n<ul style=\"line-height: 1.4; margin: 0.5em 0px; padding: 0px 2.5em;\">\n<li><strong>Breakthrough Results with Difficult Men: Working with Narcissists, Bullies, Boy-men &amp; Avoidants<\/strong><\/li>\n<li><strong>2 day: Couple Experiential: Live Clinical Demonstrations with Real Couples<\/strong>\n<ul>\n<li>By : Terry Real LICSW<\/li>\n<li>Profession: Licenced independent clinical social worker<\/li>\n<li>Date : 2021-<\/li>\n<li>Hours : 23h<\/li>\n<\/ul>\n<\/li>\n<li><\/li>\n<\/ul>\n<p><\/li><li  class=\"noo-block-grid-item\" ><\/p>\n<h3 style=\"margin: 0px;\">Workshop offered by Marriage and Family Institute<\/h3>\n<ul style=\"line-height: 1.4; margin: 0.5em 0px; padding: 0px 2.5em;\">\n<li><strong>Treating Extramarital affairs clinical workshop<\/strong><\/li>\n<li><strong>Crucible Neurobiological 6 day Intensive<\/strong><\/li>\n<li><strong>Practicuum Sexual crucible<\/strong><\/li>\n<li><strong>Supervision de group<\/strong><\/li>\n<li><strong>Crucible Intimacy &amp; Desire Clinical Workshop<\/strong><\/li>\n<li><strong>Intimacy &amp; Desire Awaken the Passion<\/strong>\n<ul>\n<li>By : David Schnarch &amp; Ruth Moorehouse<\/li>\n<li>Profession: Psychologist, Family &amp; couples therapist<\/li>\n<li>Date : 2010-2020<\/li>\n<li>Lenght : 182 hour<\/li>\n<\/ul>\n<\/li>\n<\/ul>\n<p><\/li><li  class=\"noo-block-grid-item\" ><\/p>\n<h3>University course (UQAM)<\/h3>\n<ul>\n<li><strong>Clinical supervision in Sex therapy<\/strong>\n<ul>\n<li>By : Louise Aubertin &amp; Jamie Ryan<\/li>\n<li>Profession: Sex therapist &amp; psychotherapist<\/li>\n<li>Date : 2017<\/li>\n<li>Lenght : 45 hours<\/li>\n<\/ul>\n<\/li>\n<\/ul>\n<p><\/li><li  class=\"noo-block-grid-item\" ><\/p>\n<h3>Workshop by PESI<\/h3>\n<ul>\n<li><strong>Clinical Supervision: Difficult Issues<\/strong>\n<ul>\n<li>By Lois Ehrmann Ph.D,<\/li>\n<li>Profession: Clinical Supervisor (ACS) &amp; National Certified Counselor (NCC), Registered ATTACh Clinician, Certified Attachment-Focused Family Therapist, Certified IFS (CSL) Therapist, Certified EMDR Clinician &amp; Approved Consultant (EMDRIA), and Certified Trauma Specialist (CTTS)<\/li>\n<li>Date: 2019<\/li>\n<li>Lenght: 12.5 hours<\/li>\n<\/ul>\n<\/li>\n<\/ul>\n<p><\/li><li  class=\"noo-block-grid-item\" ><\/p>\n<h2>Workshops by Esther Perel<\/h2>\n<ul>\n<li><strong>The new rules of Love<\/strong><\/li>\n<li><strong>Love &amp; Intimacy in Modern Relationship<\/strong><\/li>\n<li><strong>Learning from Affairs<\/strong><\/li>\n<li><strong>How to Work with Men with Sex &amp; Intimacy<\/strong><\/li>\n<li><strong>Therapy &amp; Promise of Transformation<\/strong><\/li>\n<li><strong>Love, Sex &amp; Power<\/strong><\/li>\n<li><strong>Reclaim Curiosity, Connection &amp; Passion<\/strong>\n<ul>\n<li>By : Esther Perel<\/li>\n<li>Profession: Psychologist<\/li>\n<li>Date : 2015-2018<\/li>\n<li>Lenght: 19 hours<\/li>\n<\/ul>\n<\/li>\n<\/ul>\n<p><\/li><li  class=\"noo-block-grid-item\" ><\/p>\n<h2>Workshop offered by L\u2019institut pour la sant\u00e9 des minorit\u00e9s sexuelles<\/h2>\n<ul>\n<li><strong>Vers une approche globale pour la sant\u00e9 des personnes trans<\/strong>\n<ul>\n<li>By : Fran\u00e7oise Susset<\/li>\n<li>Profession: Psychologist<\/li>\n<li>Date : 2015<\/li>\n<li>Lenght : 13 hours<\/li>\n<\/ul>\n<\/li>\n<\/ul>\n<p><\/li><li  class=\"noo-block-grid-item\" ><\/p>\n<h2>Workshop offered by Association des Sexologues du Qu\u00e9bec (ASQ)<\/h2>\n<ul>\n<li><strong>Maintenir le d\u00e9sir sexuel: Relation \u00e0 long terme<\/strong><\/li>\n<li><strong>Rencontrer via les r\u00e9seaux sociaux<\/strong><\/li>\n<li><strong>La communication non verbale<\/strong><\/li>\n<li><strong>Th\u00e9rapie et pornographie: Deux points de vue<\/strong><\/li>\n<li><strong>D\u00e9sir sexuel &amp; l\u2019intelligence \u00e9rotique<\/strong>\n<ul>\n<li>By : Multiple healthcare professionals<\/li>\n<li>Professions: sextherapist, psychotherapist, sociologist, psychologist<\/li>\n<li>Date : 2009-2018<\/li>\n<li>Lenght : 14.5 hours<\/li>\n<\/ul>\n<\/li>\n<\/ul>\n<p><\/li><li  class=\"noo-block-grid-item\" ><\/p>\n<h2>Workshop by Acad\u00e9mie du Sexocorporel<\/h2>\n<ul>\n<li><strong>Approche clinique Sexocorporel Niveau 1 &amp; 2<\/strong><\/li>\n<li><strong>Supervision clinique de groupe<\/strong>\n<ul>\n<li>By : Lise Desjardins &amp; M\u00e9lanie Tremblay<\/li>\n<li>Professions: Sextherapist &amp; psychotherapist<\/li>\n<li>Date : 2008-2011<\/li>\n<li>Lenght : 287.5 hours<\/li>\n<\/ul>\n<\/li>\n<\/ul>\n<p><\/li><li  class=\"noo-block-grid-item\" ><\/p>\n<h2>Workshop by Institut Canadien de Sexoanalyse<\/h2>\n<div>\n<ul>\n<li><strong>F\u00e9minin &amp; masculin: L\u2019art d\u2019utiliser la dualit\u00e9 en sexoth\u00e9rapie &amp; psychoth\u00e9rapie<\/strong><\/li>\n<li><strong>L\u2019utilisation des fantasmes et r\u00eaves sexuels en psychoth\u00e9rapie<\/strong><\/li>\n<\/ul>\n<\/div>\n<ul>\n<li>\n<ul>\n<li>By : Joanne L\u00e9pine &amp; Katia Fournier<\/li>\n<li>Professions: Sextherapist &amp; psychotherapist<\/li>\n<li>Date : 2015<\/li>\n<li>Lenght : 12 hours<\/li>\n<\/ul>\n<\/li>\n<\/ul>\n<p><\/li><li  class=\"noo-block-grid-item\" ><\/p>\n<div>\n<h2>Worshop by Regroupement Professionnel des Sexologues du Qu\u00e9bec (RPSQ)<\/h2>\n<\/div>\n<div class=\"p4\">\n<ul>\n<li class=\"li1\"><strong>Usure de compassion<\/strong><\/li>\n<li class=\"li1\"><strong>D\u00e9cider \u00e9thiquement de nos comportements en mati\u00e8re de sexualit\u00e9<\/strong><\/li>\n<li class=\"li1\"><strong>Outils et strat\u00e9gies de r\u00e9appropriation du corps suite \u00e0 des blessures sexuelles<\/strong><\/li>\n<li class=\"li1\"><strong>Les troubles de la personnalit\u00e9 et l\u2019intervention sexologique<\/strong><\/li>\n<li class=\"li1\"><strong>Sexualit\u00e9 et interventions interculturelles<\/strong><\/li>\n<li class=\"li1\"><strong>Orienter vers le changement : L\u2019entretien Motivationnel<\/strong><\/li>\n<li class=\"li1\"><strong>VPH : vaccination, pr\u00e9vention et soutien aux personnes infect\u00e9es<\/strong>\n<ul>\n<li>By: Multiple healthcare professionals<\/li>\n<li>Professions: Sextherapist psychotherapist<\/li>\n<li>Date: 2008-2012<\/li>\n<li>Lenght: 54 hours<\/li>\n<\/ul>\n<\/li>\n<\/ul>\n<\/div>\n<p><\/li><\/ul>[\/vc_column][\/vc_row]<\/p>\n<\/div>","protected":false},"excerpt":{"rendered":"<p>[vc_row][vc_column width=&#8221;1\/6&#8243;][\/vc_column][vc_column width=&#8221;2\/3&#8243;][vc_column_text] Continuing education is a requirement by the &#8220;Ordre Professionnel des Sexologues du Qu\u00e9bec&#8221; (OPQS) and of the &#8220;Ordre des Psychologues du Qu\u00e9bec&#8221; (OPQ) to maintain a permit for a sexologist and psychotherapist. These hours serve to perfect our competencies and develop our specialties. You can consult our sex therapist page to know what each of our interest<\/p>\n","protected":false},"author":2,"featured_media":21968,"parent":1698,"menu_order":0,"comment_status":"closed","ping_status":"closed","template":"page-full-width.php","meta":{"footnotes":""},"class_list":["post-2940","page","type-page","status-publish","has-post-thumbnail","hentry","has-featured"],"yoast_head":"<!-- This site is optimized with the Yoast SEO plugin v27.2 - https:\/\/yoast.com\/product\/yoast-seo-wordpress\/ -->\n<title>Professional Workshops &amp; Continuing Education Training &#8211; sexcoupletherapy.com<\/title>\n<meta name=\"description\" content=\"Francois Renaud, sex therapist &amp; psychotherapist has followed these Professional Workshops &amp; Continuing Education training\" \/>\n<meta name=\"robots\" content=\"index, follow, max-snippet:-1, max-image-preview:large, max-video-preview:-1\" \/>\n<link rel=\"canonical\" href=\"https:\/\/lesexologue.ca\/a-propos\/formations-continues-en-sexologie-psychotherapie\/\" \/>\n<meta property=\"og:locale\" content=\"en_US\" \/>\n<meta property=\"og:type\" content=\"article\" \/>\n<meta property=\"og:title\" content=\"Professional Workshops &amp; Continuing Education Training &#8211; sexcoupletherapy.com\" \/>\n<meta property=\"og:description\" content=\"Francois Renaud, sex therapist &amp; psychotherapist has followed these Professional Workshops &amp; Continuing Education training\" \/>\n<meta property=\"og:url\" content=\"https:\/\/lesexologue.ca\/a-propos\/formations-continues-en-sexologie-psychotherapie\/\" \/>\n<meta property=\"og:site_name\" content=\"sexcoupletherapy.com\" \/>\n<meta property=\"article:publisher\" content=\"https:\/\/www.facebook.com\/couplesextherapy\" \/>\n<meta property=\"article:modified_time\" content=\"2021-12-18T17:03:26+00:00\" \/>\n<meta property=\"og:image\" content=\"https:\/\/lesexologue.ca\/wp-content\/uploads\/2025\/03\/Screenshot-2025-01-17-at-2.44.10\u202fPM.png\" \/>\n\t<meta property=\"og:image:width\" content=\"574\" \/>\n\t<meta property=\"og:image:height\" content=\"828\" \/>\n\t<meta property=\"og:image:type\" content=\"image\/png\" \/>\n<meta name=\"twitter:card\" content=\"summary_large_image\" \/>\n<meta name=\"twitter:site\" content=\"@lessexologues\" \/>\n<meta name=\"twitter:label1\" content=\"Est. reading time\" \/>\n\t<meta name=\"twitter:data1\" content=\"3 minutes\" \/>\n<script type=\"application\/ld+json\" class=\"yoast-schema-graph\">{\"@context\":\"https:\/\/schema.org\",\"@graph\":[{\"@type\":\"WebPage\",\"@id\":\"https:\/\/lesexologue.ca\/a-propos\/formations-continues-en-sexologie-psychotherapie\/\",\"url\":\"https:\/\/lesexologue.ca\/a-propos\/formations-continues-en-sexologie-psychotherapie\/\",\"name\":\"Professional Workshops & Continuing Education Training &#8211; sexcoupletherapy.com\",\"isPartOf\":{\"@id\":\"https:\/\/lesexologue.ca\/#website\"},\"primaryImageOfPage\":{\"@id\":\"https:\/\/lesexologue.ca\/a-propos\/formations-continues-en-sexologie-psychotherapie\/#primaryimage\"},\"image\":{\"@id\":\"https:\/\/lesexologue.ca\/a-propos\/formations-continues-en-sexologie-psychotherapie\/#primaryimage\"},\"thumbnailUrl\":\"https:\/\/lesexologue.ca\/wp-content\/uploads\/2025\/03\/Screenshot-2025-01-17-at-2.44.10\u202fPM.png\",\"datePublished\":\"2019-07-01T17:55:47+00:00\",\"dateModified\":\"2021-12-18T17:03:26+00:00\",\"description\":\"Francois Renaud, sex therapist & psychotherapist has followed these Professional Workshops & Continuing Education training\",\"breadcrumb\":{\"@id\":\"https:\/\/lesexologue.ca\/a-propos\/formations-continues-en-sexologie-psychotherapie\/#breadcrumb\"},\"inLanguage\":\"en-CA\",\"potentialAction\":[{\"@type\":\"ReadAction\",\"target\":[\"https:\/\/lesexologue.ca\/a-propos\/formations-continues-en-sexologie-psychotherapie\/\"]}]},{\"@type\":\"ImageObject\",\"inLanguage\":\"en-CA\",\"@id\":\"https:\/\/lesexologue.ca\/a-propos\/formations-continues-en-sexologie-psychotherapie\/#primaryimage\",\"url\":\"https:\/\/lesexologue.ca\/wp-content\/uploads\/2025\/03\/Screenshot-2025-01-17-at-2.44.10\u202fPM.png\",\"contentUrl\":\"https:\/\/lesexologue.ca\/wp-content\/uploads\/2025\/03\/Screenshot-2025-01-17-at-2.44.10\u202fPM.png\",\"width\":574,\"height\":828,\"caption\":\"sexologue psychoth\u00e9rapeute\"},{\"@type\":\"BreadcrumbList\",\"@id\":\"https:\/\/lesexologue.ca\/a-propos\/formations-continues-en-sexologie-psychotherapie\/#breadcrumb\",\"itemListElement\":[{\"@type\":\"ListItem\",\"position\":1,\"name\":\"Accueil\",\"item\":\"https:\/\/lesexologue.ca\/en\/\"},{\"@type\":\"ListItem\",\"position\":2,\"name\":\"About\",\"item\":\"https:\/\/lesexologue.ca\/a-propos\/\"},{\"@type\":\"ListItem\",\"position\":3,\"name\":\"Professional Workshops &#038; Continuing Education Training\"}]},{\"@type\":\"WebSite\",\"@id\":\"https:\/\/lesexologue.ca\/#website\",\"url\":\"https:\/\/lesexologue.ca\/\",\"name\":\"sexcoupletherapy.com\",\"description\":\"Le sexologue.ca\",\"potentialAction\":[{\"@type\":\"SearchAction\",\"target\":{\"@type\":\"EntryPoint\",\"urlTemplate\":\"https:\/\/lesexologue.ca\/?s={search_term_string}\"},\"query-input\":{\"@type\":\"PropertyValueSpecification\",\"valueRequired\":true,\"valueName\":\"search_term_string\"}}],\"inLanguage\":\"en-CA\"}]}<\/script>\n<!-- \/ Yoast SEO plugin. -->","yoast_head_json":{"title":"Professional Workshops & Continuing Education Training &#8211; sexcoupletherapy.com","description":"Francois Renaud, sex therapist & psychotherapist has followed these Professional Workshops & Continuing Education training","robots":{"index":"index","follow":"follow","max-snippet":"max-snippet:-1","max-image-preview":"max-image-preview:large","max-video-preview":"max-video-preview:-1"},"canonical":"https:\/\/lesexologue.ca\/a-propos\/formations-continues-en-sexologie-psychotherapie\/","og_locale":"en_US","og_type":"article","og_title":"Professional Workshops & Continuing Education Training &#8211; sexcoupletherapy.com","og_description":"Francois Renaud, sex therapist & psychotherapist has followed these Professional Workshops & Continuing Education training","og_url":"https:\/\/lesexologue.ca\/a-propos\/formations-continues-en-sexologie-psychotherapie\/","og_site_name":"sexcoupletherapy.com","article_publisher":"https:\/\/www.facebook.com\/couplesextherapy","article_modified_time":"2021-12-18T17:03:26+00:00","og_image":[{"width":574,"height":828,"url":"https:\/\/lesexologue.ca\/wp-content\/uploads\/2025\/03\/Screenshot-2025-01-17-at-2.44.10\u202fPM.png","type":"image\/png"}],"twitter_card":"summary_large_image","twitter_site":"@lessexologues","twitter_misc":{"Est. reading time":"3 minutes"},"schema":{"@context":"https:\/\/schema.org","@graph":[{"@type":"WebPage","@id":"https:\/\/lesexologue.ca\/a-propos\/formations-continues-en-sexologie-psychotherapie\/","url":"https:\/\/lesexologue.ca\/a-propos\/formations-continues-en-sexologie-psychotherapie\/","name":"Professional Workshops & Continuing Education Training &#8211; sexcoupletherapy.com","isPartOf":{"@id":"https:\/\/lesexologue.ca\/#website"},"primaryImageOfPage":{"@id":"https:\/\/lesexologue.ca\/a-propos\/formations-continues-en-sexologie-psychotherapie\/#primaryimage"},"image":{"@id":"https:\/\/lesexologue.ca\/a-propos\/formations-continues-en-sexologie-psychotherapie\/#primaryimage"},"thumbnailUrl":"https:\/\/lesexologue.ca\/wp-content\/uploads\/2025\/03\/Screenshot-2025-01-17-at-2.44.10\u202fPM.png","datePublished":"2019-07-01T17:55:47+00:00","dateModified":"2021-12-18T17:03:26+00:00","description":"Francois Renaud, sex therapist & psychotherapist has followed these Professional Workshops & Continuing Education training","breadcrumb":{"@id":"https:\/\/lesexologue.ca\/a-propos\/formations-continues-en-sexologie-psychotherapie\/#breadcrumb"},"inLanguage":"en-CA","potentialAction":[{"@type":"ReadAction","target":["https:\/\/lesexologue.ca\/a-propos\/formations-continues-en-sexologie-psychotherapie\/"]}]},{"@type":"ImageObject","inLanguage":"en-CA","@id":"https:\/\/lesexologue.ca\/a-propos\/formations-continues-en-sexologie-psychotherapie\/#primaryimage","url":"https:\/\/lesexologue.ca\/wp-content\/uploads\/2025\/03\/Screenshot-2025-01-17-at-2.44.10\u202fPM.png","contentUrl":"https:\/\/lesexologue.ca\/wp-content\/uploads\/2025\/03\/Screenshot-2025-01-17-at-2.44.10\u202fPM.png","width":574,"height":828,"caption":"sexologue psychoth\u00e9rapeute"},{"@type":"BreadcrumbList","@id":"https:\/\/lesexologue.ca\/a-propos\/formations-continues-en-sexologie-psychotherapie\/#breadcrumb","itemListElement":[{"@type":"ListItem","position":1,"name":"Accueil","item":"https:\/\/lesexologue.ca\/en\/"},{"@type":"ListItem","position":2,"name":"About","item":"https:\/\/lesexologue.ca\/a-propos\/"},{"@type":"ListItem","position":3,"name":"Professional Workshops &#038; Continuing Education Training"}]},{"@type":"WebSite","@id":"https:\/\/lesexologue.ca\/#website","url":"https:\/\/lesexologue.ca\/","name":"sexcoupletherapy.com","description":"Le sexologue.ca","potentialAction":[{"@type":"SearchAction","target":{"@type":"EntryPoint","urlTemplate":"https:\/\/lesexologue.ca\/?s={search_term_string}"},"query-input":{"@type":"PropertyValueSpecification","valueRequired":true,"valueName":"search_term_string"}}],"inLanguage":"en-CA"}]}},"_links":{"self":[{"href":"https:\/\/lesexologue.ca\/en\/wp-json\/wp\/v2\/pages\/2940","targetHints":{"allow":["GET"]}}],"collection":[{"href":"https:\/\/lesexologue.ca\/en\/wp-json\/wp\/v2\/pages"}],"about":[{"href":"https:\/\/lesexologue.ca\/en\/wp-json\/wp\/v2\/types\/page"}],"author":[{"embeddable":true,"href":"https:\/\/lesexologue.ca\/en\/wp-json\/wp\/v2\/users\/2"}],"replies":[{"embeddable":true,"href":"https:\/\/lesexologue.ca\/en\/wp-json\/wp\/v2\/comments?post=2940"}],"version-history":[{"count":0,"href":"https:\/\/lesexologue.ca\/en\/wp-json\/wp\/v2\/pages\/2940\/revisions"}],"up":[{"embeddable":true,"href":"https:\/\/lesexologue.ca\/en\/wp-json\/wp\/v2\/pages\/1698"}],"wp:featuredmedia":[{"embeddable":true,"href":"https:\/\/lesexologue.ca\/en\/wp-json\/wp\/v2\/media\/21968"}],"wp:attachment":[{"href":"https:\/\/lesexologue.ca\/en\/wp-json\/wp\/v2\/media?parent=2940"}],"curies":[{"name":"wp","href":"https:\/\/api.w.org\/{rel}","templated":true}]}}