{"id":23842,"date":"2026-03-01T13:44:31","date_gmt":"2026-03-01T18:44:31","guid":{"rendered":"https:\/\/lesexologue.ca\/sextherapist-psychotherapist\/sextherapist-clinic\/sexologue-psychotherapeute-stagiaire\/"},"modified":"2026-03-24T20:59:38","modified_gmt":"2026-03-25T00:59:38","slug":"lou-chamk-vaidie-low-cost","status":"publish","type":"page","link":"https:\/\/lesexologue.ca\/en\/sextherapist-psychotherapist\/sextherapist-clinic\/lou-chamk-vaidie-low-cost\/","title":{"rendered":"Lou Chamko-Vaidie M.A. (c) | Intern sexologist psychotherapist"},"content":{"rendered":"<div class=\"wpb-content-wrapper\"><p>[vc_row][vc_column width=&#8221;1\/2&#8243;][vc_single_image image=&#8221;23843&#8243; img_size=&#8221;large&#8221; alignment=&#8221;center&#8221;][vc_column_text]<\/p>\n<h3 style=\"text-align: center;\">Lou Chamko-Vaidie M.A.(c)<\/h3>\n<p style=\"text-align: center;\"><strong>Sexologist psychotherapist Intern<\/strong><\/p>\n<div class=\"elementToProof\">\n<p data-start=\"0\" data-end=\"456\">Holding a Bachelor\u2019s degree in Sexology, I am currently pursuing a clinical Master\u2019s degree in Sexology. My practice is grounded in an understanding of clients\u2019 subjective experiences and in exploring the various factors that may influence sexual and relational difficulties. I aim to support individual well-being by implementing strategies that promote the restoration or maintenance of sexual health through cognitive-behavioral and systemic approaches.<\/p>\n<p data-start=\"458\" data-end=\"940\">My internship experiences with <strong>adolescents<\/strong> and <strong>adults<\/strong> have allowed me to develop sensitivity to a wide range of issues and challenges. I am particularly interested in <strong>life transitions that may impact sexual life, such as the arrival of a child, menopause, separation<\/strong>, and others. I can also support you in exploring questions related to <strong>sexual orientation<\/strong> as well as relational or sexual concerns, including <strong>diverse erotic expressions and non-monogamous relationship configurations<\/strong>.<\/p>\n<p data-start=\"942\" data-end=\"1235\">More specifically, in the context of <strong>couples therapy<\/strong>, I guide partners in exploring their challenges while supporting each individual\u2019s self-assertion within a respectful and compassionate framework. Partners\u2019 needs and desires can be explored in order to achieve the balance they are seeking.<\/p>\n<p data-start=\"1237\" data-end=\"1530\" data-is-last-node=\"\" data-is-only-node=\"\">I am committed to offering a safe, open, and collaborative space where <strong>self-expression is encouraged<\/strong>. By adopting a nonjudgmental approach, I take into account each person\u2019s unique lived experience, highlighting their strengths and resources in order to foster personal growth and fulfillment.<\/p>\n<\/div>\n<div>\n<div>\n<p>&nbsp;<\/p><\/div>\n<\/div>\n<div>\n<hr \/>\n<\/div>\n<div><strong>Therapy style<\/strong>: Cognitive-behavioural (CBT), Systemic (Sexual Crucible)<\/div>\n<div>\n<hr \/>\n<\/div>\n<p data-start=\"0\" data-end=\"28\"><strong data-start=\"0\" data-end=\"28\">Areas of Specialization:<\/strong><\/p>\n<p data-start=\"30\" data-end=\"559\" data-is-last-node=\"\" data-is-only-node=\"\">\u2022 Relationship difficulties with one or more partner(s)<br data-start=\"85\" data-end=\"88\" \/>\u2022 Issues related to relationship configurations (open relationships, polyamory, etc.)<br data-start=\"173\" data-end=\"176\" \/>\u2022 Questions regarding sexual orientation and gender identity<br data-start=\"236\" data-end=\"239\" \/>\u2022 Survivors of sexual assault or intimate partner violence<br data-start=\"297\" data-end=\"300\" \/>\u2022 Sexual difficulties (ejaculation, erection, vaginismus, pain during penetration, etc.)<br data-start=\"388\" data-end=\"391\" \/>\u2022 Communication problems<br data-start=\"415\" data-end=\"418\" \/>\u2022 Grief and separation<br data-start=\"440\" data-end=\"443\" \/>\u2022 Desire discrepancy with a partner<br data-start=\"478\" data-end=\"481\" \/>\u2022 Infidelity<br data-start=\"493\" data-end=\"496\" \/>\u2022 Low sexual desire<br data-start=\"515\" data-end=\"518\" \/>\u2022 Other possible reasons for consultation<\/p>\n<p><strong>Offered services:<\/strong><\/p>\n<ul>\n<li style=\"list-style-type: none;\">\n<ul>\n<li><strong>Individual and couple therapy <a href=\"https:\/\/lesexologue.ca\/en\/therapie\/individual-therapy\/\">individuel<\/a> ou <a href=\"https:\/\/lesexologue.ca\/en\/therapie\/couple-therapy\/\">de couple<\/a><\/strong><\/li>\n<li><b>Diagnostic of sexual issues<\/b><\/li>\n<\/ul>\n<\/li>\n<\/ul>\n<p>&nbsp;<\/p>\n<h3>University studies<\/h3>\n<ul>\n<li>Candidate In Master&#8217;s in clinical sexology<\/li>\n<li>Bachelor&#8217;s in sexology<\/li>\n<\/ul>\n<p>[\/vc_column_text][\/vc_column][vc_column width=&#8221;1\/2&#8243;][vc_btn title=&#8221;Click here to reserve spot by email&#8221; css=&#8221;&#8221; link=&#8221;url:mailto%3Ainfo%40lesexologue.ca|target:_blank&#8221;][vc_column_text]<\/p>\n<p data-start=\"0\" data-end=\"20\"><strong data-start=\"0\" data-end=\"18\">Availabilities<\/strong><\/p>\n<ul data-start=\"22\" data-end=\"112\">\n<li data-start=\"22\" data-end=\"66\">\n<p class=\"p1\">Tuesday : 8h \u00e0 13h<\/p>\n<\/li>\n<li data-start=\"22\" data-end=\"66\">\n<p class=\"p1\">Friday: 14h30 \u00e0 20h30<\/p>\n<\/li>\n<li data-start=\"22\" data-end=\"66\">\n<p class=\"p1\">Saturday: 9h \u00e0 15h<\/p>\n<\/li>\n<\/ul>\n<hr \/>\n<p data-start=\"114\" data-end=\"155\" data-is-last-node=\"\" data-is-only-node=\"\"><strong data-start=\"114\" data-end=\"135\">Languages\u00a0 :<\/strong> English and French<\/p>\n<p>[\/vc_column_text][\/vc_column][\/vc_row]<\/p>\n<\/div>","protected":false},"excerpt":{"rendered":"<p>[vc_row][vc_column width=&#8221;1\/2&#8243;][vc_single_image image=&#8221;23843&#8243; img_size=&#8221;large&#8221; alignment=&#8221;center&#8221;][vc_column_text] Lou Chamko-Vaidie M.A.(c) Sexologist psychotherapist Intern Holding a Bachelor\u2019s degree in Sexology, I am currently pursuing a clinical Master\u2019s degree in Sexology. My practice is grounded in an understanding of clients\u2019 subjective experiences and in exploring the various factors that may influence sexual and relational difficulties. I aim to support individual well-being by implementing strategies<\/p>\n","protected":false},"author":2,"featured_media":23843,"parent":2516,"menu_order":0,"comment_status":"closed","ping_status":"closed","template":"","meta":{"footnotes":""},"class_list":["post-23842","page","type-page","status-publish","has-post-thumbnail","hentry","has-featured"],"yoast_head":"<!-- This site is optimized with the Yoast SEO plugin v27.2 - https:\/\/yoast.com\/product\/yoast-seo-wordpress\/ -->\n<title>Lou Chamko-Vaidie | Psychotherapy Intern<\/title>\n<meta name=\"description\" content=\"Intern in Master&#039;s clinical sexology offering psychotherapy services for individuals and couple therapy. Offered at a reduced price.\" \/>\n<meta name=\"robots\" content=\"index, follow, max-snippet:-1, max-image-preview:large, max-video-preview:-1\" \/>\n<link rel=\"canonical\" href=\"https:\/\/lesexologue.ca\/en\/sextherapist-psychotherapist\/sextherapist-clinic\/lou-chamk-vaidie-low-cost\/\" \/>\n<meta property=\"og:locale\" content=\"en_US\" \/>\n<meta property=\"og:type\" content=\"article\" \/>\n<meta property=\"og:title\" content=\"Stagiaire en sexologie | Psychoth\u00e9rapie de couple, individuel\" \/>\n<meta property=\"og:description\" content=\"Stagiaire sexologue psychoth\u00e9rapeute offrant de la psychoth\u00e9rapie - Prix modique. Profitez de son exp\u00e9rience pour de la th\u00e9rapie de couple.\" \/>\n<meta property=\"og:url\" content=\"https:\/\/lesexologue.ca\/en\/sextherapist-psychotherapist\/sextherapist-clinic\/lou-chamk-vaidie-low-cost\/\" \/>\n<meta property=\"og:site_name\" content=\"sexcoupletherapy.com\" \/>\n<meta property=\"article:publisher\" content=\"https:\/\/www.facebook.com\/couplesextherapy\" \/>\n<meta property=\"article:modified_time\" content=\"2026-03-25T00:59:38+00:00\" \/>\n<meta property=\"og:image\" content=\"https:\/\/lesexologue.ca\/wp-content\/uploads\/2026\/03\/Photo.jpeg\" \/>\n\t<meta property=\"og:image:width\" content=\"1536\" \/>\n\t<meta property=\"og:image:height\" content=\"2048\" \/>\n\t<meta property=\"og:image:type\" content=\"image\/jpeg\" \/>\n<meta name=\"twitter:card\" content=\"summary_large_image\" \/>\n<meta name=\"twitter:site\" content=\"@lessexologues\" \/>\n<meta name=\"twitter:label1\" content=\"Est. reading time\" \/>\n\t<meta name=\"twitter:data1\" content=\"2 minutes\" \/>\n<script type=\"application\/ld+json\" class=\"yoast-schema-graph\">{\"@context\":\"https:\/\/schema.org\",\"@graph\":[{\"@type\":\"WebPage\",\"@id\":\"https:\/\/lesexologue.ca\/en\/sextherapist-psychotherapist\/sextherapist-clinic\/lou-chamk-vaidie-low-cost\/\",\"url\":\"https:\/\/lesexologue.ca\/en\/sextherapist-psychotherapist\/sextherapist-clinic\/lou-chamk-vaidie-low-cost\/\",\"name\":\"Lou Chamko-Vaidie | Psychotherapy Intern\",\"isPartOf\":{\"@id\":\"https:\/\/lesexologue.ca\/#website\"},\"primaryImageOfPage\":{\"@id\":\"https:\/\/lesexologue.ca\/en\/sextherapist-psychotherapist\/sextherapist-clinic\/lou-chamk-vaidie-low-cost\/#primaryimage\"},\"image\":{\"@id\":\"https:\/\/lesexologue.ca\/en\/sextherapist-psychotherapist\/sextherapist-clinic\/lou-chamk-vaidie-low-cost\/#primaryimage\"},\"thumbnailUrl\":\"https:\/\/lesexologue.ca\/wp-content\/uploads\/2026\/03\/Photo.jpeg\",\"datePublished\":\"2026-03-01T18:44:31+00:00\",\"dateModified\":\"2026-03-25T00:59:38+00:00\",\"description\":\"Intern in Master's clinical sexology offering psychotherapy services for individuals and couple therapy. Offered at a reduced price.\",\"breadcrumb\":{\"@id\":\"https:\/\/lesexologue.ca\/en\/sextherapist-psychotherapist\/sextherapist-clinic\/lou-chamk-vaidie-low-cost\/#breadcrumb\"},\"inLanguage\":\"en-CA\",\"potentialAction\":[{\"@type\":\"ReadAction\",\"target\":[\"https:\/\/lesexologue.ca\/en\/sextherapist-psychotherapist\/sextherapist-clinic\/lou-chamk-vaidie-low-cost\/\"]}]},{\"@type\":\"ImageObject\",\"inLanguage\":\"en-CA\",\"@id\":\"https:\/\/lesexologue.ca\/en\/sextherapist-psychotherapist\/sextherapist-clinic\/lou-chamk-vaidie-low-cost\/#primaryimage\",\"url\":\"https:\/\/lesexologue.ca\/wp-content\/uploads\/2026\/03\/Photo.jpeg\",\"contentUrl\":\"https:\/\/lesexologue.ca\/wp-content\/uploads\/2026\/03\/Photo.jpeg\",\"width\":1536,\"height\":2048,\"caption\":\"sexologue stagiaire psychoth\u00e9rapie, sextherapist\"},{\"@type\":\"BreadcrumbList\",\"@id\":\"https:\/\/lesexologue.ca\/en\/sextherapist-psychotherapist\/sextherapist-clinic\/lou-chamk-vaidie-low-cost\/#breadcrumb\",\"itemListElement\":[{\"@type\":\"ListItem\",\"position\":1,\"name\":\"Accueil\",\"item\":\"https:\/\/lesexologue.ca\/en\/\"},{\"@type\":\"ListItem\",\"position\":2,\"name\":\"Sexologist Psychotherapist Montreal\",\"item\":\"https:\/\/lesexologue.ca\/en\/\"},{\"@type\":\"ListItem\",\"position\":3,\"name\":\"Team of sextherapist &#038; psychotherapist of the clinic\",\"item\":\"https:\/\/lesexologue.ca\/en\/sextherapist-psychotherapist\/sextherapist-clinic\/\"},{\"@type\":\"ListItem\",\"position\":4,\"name\":\"Lou Chamko-Vaidie M.A. (c) | Intern sexologist psychotherapist\"}]},{\"@type\":\"WebSite\",\"@id\":\"https:\/\/lesexologue.ca\/#website\",\"url\":\"https:\/\/lesexologue.ca\/\",\"name\":\"sexcoupletherapy.com\",\"description\":\"Le sexologue.ca\",\"potentialAction\":[{\"@type\":\"SearchAction\",\"target\":{\"@type\":\"EntryPoint\",\"urlTemplate\":\"https:\/\/lesexologue.ca\/?s={search_term_string}\"},\"query-input\":{\"@type\":\"PropertyValueSpecification\",\"valueRequired\":true,\"valueName\":\"search_term_string\"}}],\"inLanguage\":\"en-CA\"}]}<\/script>\n<!-- \/ Yoast SEO plugin. -->","yoast_head_json":{"title":"Lou Chamko-Vaidie | Psychotherapy Intern","description":"Intern in Master's clinical sexology offering psychotherapy services for individuals and couple therapy. Offered at a reduced price.","robots":{"index":"index","follow":"follow","max-snippet":"max-snippet:-1","max-image-preview":"max-image-preview:large","max-video-preview":"max-video-preview:-1"},"canonical":"https:\/\/lesexologue.ca\/en\/sextherapist-psychotherapist\/sextherapist-clinic\/lou-chamk-vaidie-low-cost\/","og_locale":"en_US","og_type":"article","og_title":"Stagiaire en sexologie | Psychoth\u00e9rapie de couple, individuel","og_description":"Stagiaire sexologue psychoth\u00e9rapeute offrant de la psychoth\u00e9rapie - Prix modique. Profitez de son exp\u00e9rience pour de la th\u00e9rapie de couple.","og_url":"https:\/\/lesexologue.ca\/en\/sextherapist-psychotherapist\/sextherapist-clinic\/lou-chamk-vaidie-low-cost\/","og_site_name":"sexcoupletherapy.com","article_publisher":"https:\/\/www.facebook.com\/couplesextherapy","article_modified_time":"2026-03-25T00:59:38+00:00","og_image":[{"width":1536,"height":2048,"url":"https:\/\/lesexologue.ca\/wp-content\/uploads\/2026\/03\/Photo.jpeg","type":"image\/jpeg"}],"twitter_card":"summary_large_image","twitter_site":"@lessexologues","twitter_misc":{"Est. reading time":"2 minutes"},"schema":{"@context":"https:\/\/schema.org","@graph":[{"@type":"WebPage","@id":"https:\/\/lesexologue.ca\/en\/sextherapist-psychotherapist\/sextherapist-clinic\/lou-chamk-vaidie-low-cost\/","url":"https:\/\/lesexologue.ca\/en\/sextherapist-psychotherapist\/sextherapist-clinic\/lou-chamk-vaidie-low-cost\/","name":"Lou Chamko-Vaidie | Psychotherapy Intern","isPartOf":{"@id":"https:\/\/lesexologue.ca\/#website"},"primaryImageOfPage":{"@id":"https:\/\/lesexologue.ca\/en\/sextherapist-psychotherapist\/sextherapist-clinic\/lou-chamk-vaidie-low-cost\/#primaryimage"},"image":{"@id":"https:\/\/lesexologue.ca\/en\/sextherapist-psychotherapist\/sextherapist-clinic\/lou-chamk-vaidie-low-cost\/#primaryimage"},"thumbnailUrl":"https:\/\/lesexologue.ca\/wp-content\/uploads\/2026\/03\/Photo.jpeg","datePublished":"2026-03-01T18:44:31+00:00","dateModified":"2026-03-25T00:59:38+00:00","description":"Intern in Master's clinical sexology offering psychotherapy services for individuals and couple therapy. Offered at a reduced price.","breadcrumb":{"@id":"https:\/\/lesexologue.ca\/en\/sextherapist-psychotherapist\/sextherapist-clinic\/lou-chamk-vaidie-low-cost\/#breadcrumb"},"inLanguage":"en-CA","potentialAction":[{"@type":"ReadAction","target":["https:\/\/lesexologue.ca\/en\/sextherapist-psychotherapist\/sextherapist-clinic\/lou-chamk-vaidie-low-cost\/"]}]},{"@type":"ImageObject","inLanguage":"en-CA","@id":"https:\/\/lesexologue.ca\/en\/sextherapist-psychotherapist\/sextherapist-clinic\/lou-chamk-vaidie-low-cost\/#primaryimage","url":"https:\/\/lesexologue.ca\/wp-content\/uploads\/2026\/03\/Photo.jpeg","contentUrl":"https:\/\/lesexologue.ca\/wp-content\/uploads\/2026\/03\/Photo.jpeg","width":1536,"height":2048,"caption":"sexologue stagiaire psychoth\u00e9rapie, sextherapist"},{"@type":"BreadcrumbList","@id":"https:\/\/lesexologue.ca\/en\/sextherapist-psychotherapist\/sextherapist-clinic\/lou-chamk-vaidie-low-cost\/#breadcrumb","itemListElement":[{"@type":"ListItem","position":1,"name":"Accueil","item":"https:\/\/lesexologue.ca\/en\/"},{"@type":"ListItem","position":2,"name":"Sexologist Psychotherapist Montreal","item":"https:\/\/lesexologue.ca\/en\/"},{"@type":"ListItem","position":3,"name":"Team of sextherapist &#038; psychotherapist of the clinic","item":"https:\/\/lesexologue.ca\/en\/sextherapist-psychotherapist\/sextherapist-clinic\/"},{"@type":"ListItem","position":4,"name":"Lou Chamko-Vaidie M.A. (c) | Intern sexologist psychotherapist"}]},{"@type":"WebSite","@id":"https:\/\/lesexologue.ca\/#website","url":"https:\/\/lesexologue.ca\/","name":"sexcoupletherapy.com","description":"Le sexologue.ca","potentialAction":[{"@type":"SearchAction","target":{"@type":"EntryPoint","urlTemplate":"https:\/\/lesexologue.ca\/?s={search_term_string}"},"query-input":{"@type":"PropertyValueSpecification","valueRequired":true,"valueName":"search_term_string"}}],"inLanguage":"en-CA"}]}},"_links":{"self":[{"href":"https:\/\/lesexologue.ca\/en\/wp-json\/wp\/v2\/pages\/23842","targetHints":{"allow":["GET"]}}],"collection":[{"href":"https:\/\/lesexologue.ca\/en\/wp-json\/wp\/v2\/pages"}],"about":[{"href":"https:\/\/lesexologue.ca\/en\/wp-json\/wp\/v2\/types\/page"}],"author":[{"embeddable":true,"href":"https:\/\/lesexologue.ca\/en\/wp-json\/wp\/v2\/users\/2"}],"replies":[{"embeddable":true,"href":"https:\/\/lesexologue.ca\/en\/wp-json\/wp\/v2\/comments?post=23842"}],"version-history":[{"count":10,"href":"https:\/\/lesexologue.ca\/en\/wp-json\/wp\/v2\/pages\/23842\/revisions"}],"predecessor-version":[{"id":24158,"href":"https:\/\/lesexologue.ca\/en\/wp-json\/wp\/v2\/pages\/23842\/revisions\/24158"}],"up":[{"embeddable":true,"href":"https:\/\/lesexologue.ca\/en\/wp-json\/wp\/v2\/pages\/2516"}],"wp:featuredmedia":[{"embeddable":true,"href":"https:\/\/lesexologue.ca\/en\/wp-json\/wp\/v2\/media\/23843"}],"wp:attachment":[{"href":"https:\/\/lesexologue.ca\/en\/wp-json\/wp\/v2\/media?parent=23842"}],"curies":[{"name":"wp","href":"https:\/\/api.w.org\/{rel}","templated":true}]}}