{"id":1740,"date":"2017-02-28T22:57:54","date_gmt":"2017-02-28T21:57:54","guid":{"rendered":"http:\/\/lesexologue.agence360.co\/formation\/"},"modified":"2024-03-03T10:41:44","modified_gmt":"2024-03-03T15:41:44","slug":"education_sexuelle","status":"publish","type":"page","link":"https:\/\/lesexologue.ca\/en\/education_sexuelle\/","title":{"rendered":"Sexual education programs"},"content":{"rendered":"<div class=\"wpb-content-wrapper\"><p>[vc_row][vc_column][vc_column_text]<\/p>\n<h1 class=\"page-title\"><strong>Creating and giving sexual education programs by\u00a0 a sexologist<br \/>\n<\/strong><\/h1>\n<p>The program on sexual education allow\u00a0 students to gain the <span style=\"text-decoration: underline;\">right<\/span> information on sexuality in the objective of having a safer and more satisfying sex life. The format, the length and type of activities can change according to the clientele and subjects that are chosen. They can range from discussions, to debates to formal and informal expositions or even role play. These different types of activities allow to truly integrate the information and reflect on ones sexual values and information.<\/p>\n<hr \/>\n<h3><i class=\"tarif\">\u00a0The fees are 115$\/h + fees for transport<br \/>\n<\/i><\/h3>\n<p>Ask for a submission[\/vc_column_text][\/vc_column][\/vc_row][vc_row][vc_column width=&#8221;6\/12&#8243;][vc_column_text]<\/p>\n<div class=\"flex flex-grow flex-col max-w-full\">\n<div class=\"min-h-[20px] text-message flex flex-col items-start gap-3 whitespace-pre-wrap break-words [.text-message+&amp;]:mt-5 overflow-x-auto\" data-message-author-role=\"assistant\" data-message-id=\"6c3f355a-3e37-49b4-9087-449750a3832f\">\n<div class=\"markdown prose w-full break-words dark:prose-invert light\">\n<h2>Subjects for Sexual Education<\/h2>\n<p>Our team covers all the subjects outlined in the sexual education program of the Ministry of Education.<\/p>\n<p><a href=\"https:\/\/www.education.gouv.qc.ca\/en\/non-teaching-professionals\/dossiers\/sexuality-education\">For an overview of the program:<\/a><\/p>\n<p>Students are required to receive between 5 and 15 hours of sexual education per year, which will enable them to:<\/p>\n<ul>\n<li>Better understand sexuality;<\/li>\n<li>Know themselves better;<\/li>\n<li>Reflect on issues such as messages about sexuality in the public space, sexual stereotypes, and the use of social networks;<\/li>\n<li>Be less vulnerable to certain issues such as:\n<ul>\n<li>Sexually transmitted infections (STIs) and bloodborne infections;<\/li>\n<li>Discrimination based on sexual and gender diversity;<\/li>\n<li>Sexual assault;<\/li>\n<li>Unplanned pregnancies;<\/li>\n<\/ul>\n<\/li>\n<li>Develop attitudes and skills that will be useful to them now and in the future (respect for diversity, self-awareness and affirmation, conflict resolution).<\/li>\n<\/ul>\n<p>The covered themes include:<\/p>\n<ol>\n<li>Human sexual growth and body image<\/li>\n<li>Identity, roles, sexual stereotypes, and social norms<\/li>\n<li>Emotional and romantic life<\/li>\n<li>Sexual aggression<\/li>\n<li>Pregnancy and childbirth<\/li>\n<li>Holistic sexuality<\/li>\n<li>Sexual behavior<\/li>\n<li>Sexual violence<\/li>\n<li>Sexually transmitted and bloodborne infections (STIs) and pregnancy<\/li>\n<\/ol>\n<\/div>\n<\/div>\n<\/div>\n<div class=\"mt-1 flex justify-start gap-3 empty:hidden\">\n<div class=\"text-gray-400 flex self-end lg:self-center justify-center lg:justify-start mt-0 -ml-1 h-7 visible\"><\/div>\n<\/div>\n<div class=\"flex\"><\/div>\n<p>[\/vc_column_text][\/vc_column][vc_column width=&#8221;6\/12&#8243;]<hr  class=\"noo-gap\" style=\" margin: 200px 0 0 0;\">[vc_single_image image=&#8221;18295&#8243; img_size=&#8221;large&#8221;][\/vc_column][\/vc_row][vc_row][vc_column][vc_column_text]<\/p>\n<h1><strong>Meet our team of sexologist<br \/>\n<\/strong><\/h1>\n<p>Our sexologist have acquired the skills and knowledge to offer high quality sexual education for kids of primary school and teenagers in high shcool. We thrive to offer you the best service with the latest activities to teach youth about sexuality.[\/vc_column_text][\/vc_column][\/vc_row][vc_row][vc_column width=&#8221;1\/3&#8243;][vc_single_image image=&#8221;17331&#8243; img_size=&#8221;medium&#8221; alignment=&#8221;center&#8221;][vc_column_text]<\/p>\n<h3 style=\"text-align: center;\">Catherine Brisebois B.A.<\/h3>\n<p>[\/vc_column_text][\/vc_column][vc_column width=&#8221;1\/3&#8243;][vc_single_image image=&#8221;16789&#8243; img_size=&#8221;medium&#8221; alignment=&#8221;center&#8221;][vc_column_text]<\/p>\n<h3 style=\"text-align: center;\">Audrey Labelle B.A.<\/h3>\n<p>[\/vc_column_text][\/vc_column][vc_column width=&#8221;1\/3&#8243;][vc_single_image image=&#8221;8057&#8243; img_size=&#8221;medium&#8221; alignment=&#8221;center&#8221;][vc_column_text]<\/p>\n<h3 style=\"text-align: center;\">Sarah Filion B.A.<\/h3>\n<p>[\/vc_column_text][\/vc_column][\/vc_row]<\/p>\n<\/div>","protected":false},"excerpt":{"rendered":"<p>[vc_row][vc_column][vc_column_text] Creating and giving sexual education programs by\u00a0 a sexologist The program on sexual education allow\u00a0 students to gain the right information on sexuality in the objective of having a safer and more satisfying sex life. The format, the length and type of activities can change according to the clientele and subjects that are chosen. They can range from discussions,<\/p>\n","protected":false},"author":1,"featured_media":0,"parent":0,"menu_order":0,"comment_status":"closed","ping_status":"closed","template":"","meta":{"footnotes":""},"class_list":["post-1740","page","type-page","status-publish","hentry","no-featured"],"yoast_head":"<!-- This site is optimized with the Yoast SEO plugin v27.2 - https:\/\/yoast.com\/product\/yoast-seo-wordpress\/ -->\n<title>Atelier: \u00c9ducation sexuelle - Le sexologue.ca - Adultes et adolescents<\/title>\n<meta name=\"description\" content=\"Atelier d&#039;\u00e9ducation sexuelle offert par un sexologue psychoth\u00e9rapeute pour les adolescents, et adultes. S\u00e9duction, amour, \u00e9rotisme, d\u00e9sir sexuel.\" \/>\n<meta name=\"robots\" content=\"index, follow, max-snippet:-1, max-image-preview:large, max-video-preview:-1\" \/>\n<link rel=\"canonical\" href=\"https:\/\/lesexologue.ca\/education_sexuelle\/\" \/>\n<meta property=\"og:locale\" content=\"en_US\" \/>\n<meta property=\"og:type\" content=\"article\" \/>\n<meta property=\"og:title\" content=\"Atelier: \u00c9ducation sexuelle - Le sexologue.ca - Adultes et adolescents\" \/>\n<meta property=\"og:description\" content=\"Atelier d&#039;\u00e9ducation sexuelle offert par un sexologue psychoth\u00e9rapeute pour les adolescents, et adultes. S\u00e9duction, amour, \u00e9rotisme, d\u00e9sir sexuel.\" \/>\n<meta property=\"og:url\" content=\"https:\/\/lesexologue.ca\/education_sexuelle\/\" \/>\n<meta property=\"og:site_name\" content=\"sexcoupletherapy.com\" \/>\n<meta property=\"article:publisher\" content=\"https:\/\/www.facebook.com\/couplesextherapy\" \/>\n<meta property=\"article:modified_time\" content=\"2024-03-03T15:41:44+00:00\" \/>\n<meta name=\"twitter:card\" content=\"summary_large_image\" \/>\n<meta name=\"twitter:site\" content=\"@lessexologues\" \/>\n<meta name=\"twitter:label1\" content=\"Est. reading time\" \/>\n\t<meta name=\"twitter:data1\" content=\"2 minutes\" \/>\n<script type=\"application\/ld+json\" class=\"yoast-schema-graph\">{\"@context\":\"https:\/\/schema.org\",\"@graph\":[{\"@type\":\"WebPage\",\"@id\":\"https:\/\/lesexologue.ca\/education_sexuelle\/\",\"url\":\"https:\/\/lesexologue.ca\/education_sexuelle\/\",\"name\":\"Atelier: \u00c9ducation sexuelle - Le sexologue.ca - Adultes et adolescents\",\"isPartOf\":{\"@id\":\"https:\/\/lesexologue.ca\/#website\"},\"datePublished\":\"2017-02-28T21:57:54+00:00\",\"dateModified\":\"2024-03-03T15:41:44+00:00\",\"description\":\"Atelier d'\u00e9ducation sexuelle offert par un sexologue psychoth\u00e9rapeute pour les adolescents, et adultes. S\u00e9duction, amour, \u00e9rotisme, d\u00e9sir sexuel.\",\"breadcrumb\":{\"@id\":\"https:\/\/lesexologue.ca\/education_sexuelle\/#breadcrumb\"},\"inLanguage\":\"en-CA\",\"potentialAction\":[{\"@type\":\"ReadAction\",\"target\":[\"https:\/\/lesexologue.ca\/education_sexuelle\/\"]}]},{\"@type\":\"BreadcrumbList\",\"@id\":\"https:\/\/lesexologue.ca\/education_sexuelle\/#breadcrumb\",\"itemListElement\":[{\"@type\":\"ListItem\",\"position\":1,\"name\":\"Accueil\",\"item\":\"https:\/\/lesexologue.ca\/en\/\"},{\"@type\":\"ListItem\",\"position\":2,\"name\":\"Sexual education programs\"}]},{\"@type\":\"WebSite\",\"@id\":\"https:\/\/lesexologue.ca\/#website\",\"url\":\"https:\/\/lesexologue.ca\/\",\"name\":\"sexcoupletherapy.com\",\"description\":\"Le sexologue.ca\",\"potentialAction\":[{\"@type\":\"SearchAction\",\"target\":{\"@type\":\"EntryPoint\",\"urlTemplate\":\"https:\/\/lesexologue.ca\/?s={search_term_string}\"},\"query-input\":{\"@type\":\"PropertyValueSpecification\",\"valueRequired\":true,\"valueName\":\"search_term_string\"}}],\"inLanguage\":\"en-CA\"}]}<\/script>\n<!-- \/ Yoast SEO plugin. -->","yoast_head_json":{"title":"Atelier: \u00c9ducation sexuelle - Le sexologue.ca - Adultes et adolescents","description":"Atelier d'\u00e9ducation sexuelle offert par un sexologue psychoth\u00e9rapeute pour les adolescents, et adultes. S\u00e9duction, amour, \u00e9rotisme, d\u00e9sir sexuel.","robots":{"index":"index","follow":"follow","max-snippet":"max-snippet:-1","max-image-preview":"max-image-preview:large","max-video-preview":"max-video-preview:-1"},"canonical":"https:\/\/lesexologue.ca\/education_sexuelle\/","og_locale":"en_US","og_type":"article","og_title":"Atelier: \u00c9ducation sexuelle - Le sexologue.ca - Adultes et adolescents","og_description":"Atelier d'\u00e9ducation sexuelle offert par un sexologue psychoth\u00e9rapeute pour les adolescents, et adultes. S\u00e9duction, amour, \u00e9rotisme, d\u00e9sir sexuel.","og_url":"https:\/\/lesexologue.ca\/education_sexuelle\/","og_site_name":"sexcoupletherapy.com","article_publisher":"https:\/\/www.facebook.com\/couplesextherapy","article_modified_time":"2024-03-03T15:41:44+00:00","twitter_card":"summary_large_image","twitter_site":"@lessexologues","twitter_misc":{"Est. reading time":"2 minutes"},"schema":{"@context":"https:\/\/schema.org","@graph":[{"@type":"WebPage","@id":"https:\/\/lesexologue.ca\/education_sexuelle\/","url":"https:\/\/lesexologue.ca\/education_sexuelle\/","name":"Atelier: \u00c9ducation sexuelle - Le sexologue.ca - Adultes et adolescents","isPartOf":{"@id":"https:\/\/lesexologue.ca\/#website"},"datePublished":"2017-02-28T21:57:54+00:00","dateModified":"2024-03-03T15:41:44+00:00","description":"Atelier d'\u00e9ducation sexuelle offert par un sexologue psychoth\u00e9rapeute pour les adolescents, et adultes. S\u00e9duction, amour, \u00e9rotisme, d\u00e9sir sexuel.","breadcrumb":{"@id":"https:\/\/lesexologue.ca\/education_sexuelle\/#breadcrumb"},"inLanguage":"en-CA","potentialAction":[{"@type":"ReadAction","target":["https:\/\/lesexologue.ca\/education_sexuelle\/"]}]},{"@type":"BreadcrumbList","@id":"https:\/\/lesexologue.ca\/education_sexuelle\/#breadcrumb","itemListElement":[{"@type":"ListItem","position":1,"name":"Accueil","item":"https:\/\/lesexologue.ca\/en\/"},{"@type":"ListItem","position":2,"name":"Sexual education programs"}]},{"@type":"WebSite","@id":"https:\/\/lesexologue.ca\/#website","url":"https:\/\/lesexologue.ca\/","name":"sexcoupletherapy.com","description":"Le sexologue.ca","potentialAction":[{"@type":"SearchAction","target":{"@type":"EntryPoint","urlTemplate":"https:\/\/lesexologue.ca\/?s={search_term_string}"},"query-input":{"@type":"PropertyValueSpecification","valueRequired":true,"valueName":"search_term_string"}}],"inLanguage":"en-CA"}]}},"_links":{"self":[{"href":"https:\/\/lesexologue.ca\/en\/wp-json\/wp\/v2\/pages\/1740","targetHints":{"allow":["GET"]}}],"collection":[{"href":"https:\/\/lesexologue.ca\/en\/wp-json\/wp\/v2\/pages"}],"about":[{"href":"https:\/\/lesexologue.ca\/en\/wp-json\/wp\/v2\/types\/page"}],"author":[{"embeddable":true,"href":"https:\/\/lesexologue.ca\/en\/wp-json\/wp\/v2\/users\/1"}],"replies":[{"embeddable":true,"href":"https:\/\/lesexologue.ca\/en\/wp-json\/wp\/v2\/comments?post=1740"}],"version-history":[{"count":0,"href":"https:\/\/lesexologue.ca\/en\/wp-json\/wp\/v2\/pages\/1740\/revisions"}],"wp:attachment":[{"href":"https:\/\/lesexologue.ca\/en\/wp-json\/wp\/v2\/media?parent=1740"}],"curies":[{"name":"wp","href":"https:\/\/api.w.org\/{rel}","templated":true}]}}